{"id":5,"date":"2011-12-15T09:27:13","date_gmt":"2011-12-15T09:27:13","guid":{"rendered":"http:\/\/geopathologie-kauth.de\/geopathologie\/?page_id=5"},"modified":"2018-05-04T12:12:11","modified_gmt":"2018-05-04T12:12:11","slug":"startseite","status":"publish","type":"page","link":"https:\/\/geopathologie-kauth.de\/geopathologie\/","title":{"rendered":"Startseite"},"content":{"rendered":"<h1>Geopathologie Leo Kauth<\/h1>\n<h2>F\u00dcR DEIN GESUNDES LEBEN<\/h2>\n<p>Der Inhalt dieser Seite ist wissenschaftlich (noch) nicht anerkannt.<\/p>\n<p>&nbsp;<\/p>\n<p>Mein Name ist Leo Kauth, Jahrgang 1955. Ich bin seit dem 13.06.2009 gepr\u00fcfter Geopathologe mit Weiterbildung in spiritueller Geopathologie.<\/p>\n<p>Ich bin Mitglied in der AG Geopathologie und Elektrosmog in Celle.<\/p>\n<p>Auf geopathologische St\u00f6rzonen, sog. Erdstrahlen, die krankmachende Auswirkungen auf den Menschen, manche Tiere und Pflanzen haben k\u00f6nnen, wird schon in den \u00e4ltesten \u00dcberlieferungen der Menschheit hingewiesen und zwar rund um den Globus.<\/p>\n<p>Standortbedingte Erkrankungen sind f\u00fcr den Laien als solche nicht erkennbar, weil sie eine Vielzahl von Symptomen verursachen k\u00f6nnen, die auch bei anderen Erkrankungen auftreten. Da am Schlafplatz die Einwirkzeit am l\u00e4ngsten ist, k\u00f6nnen hier besonders nachhaltige, gesundheitliche St\u00f6rungen verursacht werden.<\/p>\n<h3>Telefon: 0 65 92 \/ 47 43<\/h3>\n","protected":false},"excerpt":{"rendered":"<p>Geopathologie Leo Kauth F\u00dcR DEIN GESUNDES LEBEN Der Inhalt dieser Seite ist wissenschaftlich (noch) nicht anerkannt. &nbsp; Mein Name ist Leo Kauth, Jahrgang 1955. Ich bin seit dem 13.06.2009 gepr\u00fcfter Geopathologe mit Weiterbildung in spiritueller Geopathologie. Ich bin Mitglied in der AG Geopathologie und Elektrosmog in Celle. Auf geopathologische St\u00f6rzonen, sog. Erdstrahlen, die krankmachende Auswirkungen [&hellip;]<\/p>\n","protected":false},"author":1,"featured_media":0,"parent":0,"menu_order":1,"comment_status":"open","ping_status":"open","template":"","meta":[],"_links":{"self":[{"href":"https:\/\/geopathologie-kauth.de\/geopathologie\/wp-json\/wp\/v2\/pages\/5"}],"collection":[{"href":"https:\/\/geopathologie-kauth.de\/geopathologie\/wp-json\/wp\/v2\/pages"}],"about":[{"href":"https:\/\/geopathologie-kauth.de\/geopathologie\/wp-json\/wp\/v2\/types\/page"}],"author":[{"embeddable":true,"href":"https:\/\/geopathologie-kauth.de\/geopathologie\/wp-json\/wp\/v2\/users\/1"}],"replies":[{"embeddable":true,"href":"https:\/\/geopathologie-kauth.de\/geopathologie\/wp-json\/wp\/v2\/comments?post=5"}],"version-history":[{"count":8,"href":"https:\/\/geopathologie-kauth.de\/geopathologie\/wp-json\/wp\/v2\/pages\/5\/revisions"}],"predecessor-version":[{"id":90,"href":"https:\/\/geopathologie-kauth.de\/geopathologie\/wp-json\/wp\/v2\/pages\/5\/revisions\/90"}],"wp:attachment":[{"href":"https:\/\/geopathologie-kauth.de\/geopathologie\/wp-json\/wp\/v2\/media?parent=5"}],"curies":[{"name":"wp","href":"https:\/\/api.w.org\/{rel}","templated":true}]}}